{"id":3483,"date":"2018-08-01T18:24:02","date_gmt":"2018-08-01T18:24:02","guid":{"rendered":"https:\/\/quoartis.org\/?page_id=3483"},"modified":"2019-08-15T12:16:08","modified_gmt":"2019-08-15T12:16:08","slug":"avis-legal","status":"publish","type":"page","link":"https:\/\/quoartis.org\/ca\/avis-legal\/","title":{"rendered":"Av\u00eds legal"},"content":{"rendered":"<p><strong>QUO ARTIS<\/strong>\u00a0\u00e9s una fundaci\u00f3 internacional sense \u00e0nim de lucre que busca generar connexions entre l&#8217;art, la ci\u00e8ncia i la tecnologia a trav\u00e9s del treball en com\u00fa de professionals en aquests camps. busquem aportar valor a la societat i a la cultura incentivant la creaci\u00f3 de\u00a0projectes\u00a0interdisciplinaris i innovadors.<\/p>\n<p>La Fundaci\u00f3 Quo Artis \u00e9s membre del Consell de Fundacions per la Ci\u00e8ncia, impulsat per FECYT\u00a0(Fundaci\u00f3 Espanyola per a la Ci\u00e8ncia i la Tecnologia).<\/p>\n<p>Els valors de la nostra Fundaci\u00f3 s\u00f3n:<\/p>\n<ul>\n<li>Iniciatives cient\u00edfiques, tecnol\u00f2giques i art\u00edstiques.<\/li>\n<li>Cooperaci\u00f3 entre comunitats de diferents or\u00edgens.<\/li>\n<li>Contribuci\u00f3 al desenvolupament social i cultural.<\/li>\n<li>Innovaci\u00f3.<\/li>\n<\/ul>\n<p>&nbsp;<\/p>\n<p><strong>CONDICIONS D&#8217;\u00daS I ACC\u00c9S:<\/strong><\/p>\n<p>L&#8217;acc\u00e9s i l&#8217;\u00fas d&#8217;aquest lloc web atorguen a qui ho realitza la condici\u00f3 d&#8217;usuari del mateix, per la qual cosa amb el seu \u00fas accepta sense reserves el contingut del present \u201cAv\u00eds legal\u201d considerant-ho amb car\u00e0cter general condicions generals d&#8217;\u00fas.<\/p>\n<p>L&#8217;usuari expressa la seva comprensi\u00f3 i acceptaci\u00f3 plena i sense reserves del contingut d&#8217;aquest &#8220;Av\u00eds Legal&#8221;, aix\u00ed com de totes i cadascuna de les cl\u00e0usules i condicions en ell incorporades. Igualment, l&#8217;usuari s&#8217;obliga a fer un \u00fas de la p\u00e0gina web conforme a la llei, la bona fe i l&#8217;ordre p\u00fablic, aix\u00ed com a no utilitzar els serveis que en ella es faciliten amb finalitats diferents als descrits o il\u00b7l\u00edcits.<\/p>\n<p>&nbsp;<\/p>\n<p><strong>PROPIETAT INDUSTRIAL I INTEL\u00b7LECTUAL<\/strong><\/p>\n<p>L&#8217;usuari es compromet a no utilitzar sense la corresponent autoritzaci\u00f3 pr\u00e8via, expressa i per escrit dels seus titulars leg\u00edtims, cap dels continguts, marques, logotips o dissenys que es posen a la seva disposici\u00f3 en la present web.<\/p>\n<p>El nom de domini quoartis.org, aix\u00ed com el nom \u201cQUO ARTIS\u201d<strong> i els restants que figuren a la web<\/strong>, amb els seus logotips s\u00f3n propietat dels seus titulars propietaris i no poden ser utilitzades sense la seva expressa autoritzaci\u00f3. Igualment, tota la informaci\u00f3 continguda a la Web \u00e9s una obra la propietat intel\u00b7lectual de la qual i industrial pertany als seus autors o als prove\u00efdors de les marques i continguts posats a disposici\u00f3 amb la deguda autoritzaci\u00f3.<\/p>\n<p>&nbsp;<\/p>\n<p><strong>RESPONSABILITATS<\/strong><\/p>\n<p><strong>QUO ARTIS<\/strong> no es fa responsable de l&#8217;exactitud, falta d&#8217;utilitat o adequaci\u00f3 per a un \u00fas espec\u00edfic dels continguts, serveis o productes oferts a la Web. Les caracter\u00edstiques i condicions de cada informaci\u00f3 o servei seran, en \u00faltim terme, les establertes pels seus respectius professionals, sent aquests \u00faltims els responsables dels seus serveis.<\/p>\n<p>Respecte als dispositius d&#8217;enlla\u00e7 i publicitat (links, b\u00e0ners, botons&#8230;) que apareixen a la Web, tenen per objecte posar en coneixement de l&#8217;usuari l&#8217;exist\u00e8ncia d&#8217;altres fonts d&#8217;informaci\u00f3 sobre la mat\u00e8ria i no suposen una invitaci\u00f3 o recomanaci\u00f3 per a la visita dels llocs de destinaci\u00f3, per aix\u00f2, QUO ARTIS no ser\u00e0 responsable del resultat de la cerca obtinguda a trav\u00e9s d&#8217;aquests enlla\u00e7os. A l&#8217;efecte de l&#8217;exempci\u00f3 de responsabilitat que estableix la Llei de Serveis de la Societat de la Informaci\u00f3, QUO ARTIS no t\u00e9 coneixement efectiu que l&#8217;activitat o la informaci\u00f3 a la qual remitent sigui il\u00b7l\u00edcit o que lesioni b\u00e9ns o drets d&#8217;un tercer susceptibles d&#8217;indemnitzaci\u00f3. Tan aviat com es tingui el coneixement requerit, s&#8217;actuar\u00e0 amb la dilig\u00e8ncia deguda per suprimir o inutilitzar l&#8217;enlla\u00e7 corresponent.<\/p>\n<p>Respecte a les parts de la Web que alberguin continguts publicitaris o estiguin patrocinades, els anunciants i patrocinadors s\u00f3n els \u00fanics responsables d&#8217;assegurar-se que el material rem\u00e8s per a la seva inclusi\u00f3 compleix amb les lleis que en cada cas puguin ser aplicable.<\/p>\n<p>QUO ARTIS no ser\u00e0 responsable en cas que existeixin interrupcions del servei, demores, errors, malament funcionament del mateix i, en general, altres inconvenients que tinguin el seu origen en causes que escapen del control dels seus titulars, o degudes a una actuaci\u00f3 dolosa o *culposa de l&#8217;usuari o que tinguin per origen causes de for\u00e7a major. Igualment no assumeix cap responsabilitat pels danys que puguin causar-se en els equips dels usuaris per possibles virus inform\u00e0tics contrets a causa de la seva navegaci\u00f3 per la web, o per qualsevol altre dany derivat de la connexi\u00f3 a la web a trav\u00e9s d&#8217;Internet.<\/p>\n","protected":false},"excerpt":{"rendered":"<p>QUO ARTIS\u00a0\u00e9s una fundaci\u00f3 internacional sense \u00e0nim de lucre que busca generar connexions entre l&#8217;art, la ci\u00e8ncia i la tecnologia a trav\u00e9s del treball en com\u00fa de professionals en aquests camps. busquem aportar valor a la societat i a la [&hellip;]<\/p>\n","protected":false},"author":1,"featured_media":0,"parent":0,"menu_order":0,"comment_status":"closed","ping_status":"closed","template":"","meta":{"footnotes":""},"class_list":["post-3483","page","type-page","status-publish","hentry"],"_links":{"self":[{"href":"https:\/\/quoartis.org\/ca\/wp-json\/wp\/v2\/pages\/3483","targetHints":{"allow":["GET"]}}],"collection":[{"href":"https:\/\/quoartis.org\/ca\/wp-json\/wp\/v2\/pages"}],"about":[{"href":"https:\/\/quoartis.org\/ca\/wp-json\/wp\/v2\/types\/page"}],"author":[{"embeddable":true,"href":"https:\/\/quoartis.org\/ca\/wp-json\/wp\/v2\/users\/1"}],"replies":[{"embeddable":true,"href":"https:\/\/quoartis.org\/ca\/wp-json\/wp\/v2\/comments?post=3483"}],"version-history":[{"count":1,"href":"https:\/\/quoartis.org\/ca\/wp-json\/wp\/v2\/pages\/3483\/revisions"}],"predecessor-version":[{"id":7313,"href":"https:\/\/quoartis.org\/ca\/wp-json\/wp\/v2\/pages\/3483\/revisions\/7313"}],"wp:attachment":[{"href":"https:\/\/quoartis.org\/ca\/wp-json\/wp\/v2\/media?parent=3483"}],"curies":[{"name":"wp","href":"https:\/\/api.w.org\/{rel}","templated":true}]}}