{"id":3498,"date":"2018-08-02T15:09:10","date_gmt":"2018-08-02T15:09:10","guid":{"rendered":"https:\/\/quoartis.org\/?page_id=3498"},"modified":"2021-02-01T15:48:54","modified_gmt":"2021-02-01T15:48:54","slug":"politica-de-cookies-2","status":"publish","type":"page","link":"https:\/\/quoartis.org\/ca\/politica-de-cookies-2\/","title":{"rendered":"Pol\u00edtica de cookies"},"content":{"rendered":"<div class=\"vce-row-container\" data-vce-boxed-width=\"true\"><div class=\"vce-row vce-row--col-gap-30 vce-row-equal-height vce-row-columns--top vce-row-content--top\" id=\"el-b643f13a\" data-vce-do-apply=\"all el-b643f13a\"><div class=\"vce-row-content\" data-vce-element-content=\"true\"><div class=\"vce-col vce-col--md-auto vce-col--xs-1 vce-col--xs-last vce-col--xs-first vce-col--sm-last vce-col--sm-first vce-col--md-last vce-col--lg-last vce-col--xl-last vce-col--md-first vce-col--lg-first vce-col--xl-first\" id=\"el-b633d5a1\"><div class=\"vce-col-inner\" data-vce-do-apply=\"border margin background  el-b633d5a1\"><div class=\"vce-col-content\" data-vce-element-content=\"true\" data-vce-do-apply=\"padding el-b633d5a1\"><div class=\"vce-text-block\"><div class=\"vce-text-block-wrapper vce\" id=\"el-4b316749\" data-vce-do-apply=\"all el-4b316749\"><p>Aquesta web, igual que la majoria dels altres llocs web, utilitza Cookies per millorar i optimitzar l'experi\u00e8ncia de l'usuari. A continuaci\u00f3 trobar\u00e0s informaci\u00f3 sobre qu\u00e8 s\u00f3n les \"Cookies\", quina tipologia utilitza aquest lloc web i com pots desactivar-les en el teu navegador.<\/p><p>Una cookie \u00e9s un fitxer que es descarrega en l'ordinador, smartphone o tablet de l'usuari en accedir a determinades p\u00e0gines web per emmagatzemar i recuperar informaci\u00f3 sobre la navegaci\u00f3 que s'efectua des d'aquest equip.<\/p><p>Poden ser cookies pr\u00f2pies: enviades al teu ordinador i gestionades exclusivament per nosaltres per al millor funcionament de la web. La informaci\u00f3 que recaptem s'empra per millorar la qualitat del nostre servei i la teva experi\u00e8ncia com a usuari.<\/p><p>O poden ser cookies de tercers: aquelles establertes per un domini diferent del nostre Lloc web (per exemple en pr\u00e9mer botons de xarxes socials o visionar v\u00eddeos allotjats en un altre lloc web). No podem accedir a les dades emmagatzemades en les cookies d'altres llocs web en navegar en els citats llocs web.<\/p><p>En concret, el Lloc web utilitza Cookies anal\u00edtiques que recopilen informaci\u00f3 an\u00f2nima de manera est\u00e0ndard sobre la navegaci\u00f3 de l'usuari i els seus patrons de comportament. En concret, les cookies d'anal\u00edtiques utilitzades en el Lloc web s\u00f3n la que es detallen a continuaci\u00f3: Google Analytics, necess\u00e0ria per al funcionament de Google Analytics. La majoria de navegadors web permeten gestionar les prefer\u00e8ncies de cookies, per tenir un control m\u00e9s prec\u00eds sobre la privadesa.<\/p><p>Li informem que en el cas de bloquejar o no acceptar la instal\u00b7laci\u00f3 de cookies, \u00e9s possible que certs serveis no estiguin disponibles sense la utilitzaci\u00f3 d'aquestes o que no pugui accedir a determinats serveis ni tampoc aprofitar per complet tot el que aquest Lloc web li ofereix.<\/p><p>Per a m\u00e9s informaci\u00f3, pot consultar la&nbsp;guia sobre l'\u00fas de les cookies&nbsp;de l'Ag\u00e8ncia Espanyola de Protecci\u00f3 de Dades.<\/p><p>&nbsp;<\/p><p><strong>LLEI APLICABLE I JURISDICCI\u00d3<\/strong><\/p><p>En utilitzar aquesta web l'usuari accepta aquestes Condicions Generals d'\u00das de manera que qualsevol tipus de disputa que s'origini per la seva utilitzaci\u00f3 o contractaci\u00f3 de serveis, seran resoltes conformement a la legislaci\u00f3 i fur del titular de la mateixa, sent els tribunals de Barcelona (Espanya). Als anteriors efectes i per a casos de notificacions escrites, pot contactar amb nosaltres en l'adre\u00e7a indicada m\u00e9s a baix.<\/p><p>Complint amb l'article 10 de la Llei de Serveis de la Societat de la Informaci\u00f3, se'ls informa de les seg\u00fcents dades identificatives:<\/p><p>La present plataforma web,&nbsp;aix\u00ed com totes les p\u00e0gines incloses sota aquest nom de domini s\u00f3n propietat de Quo Artis Fundaci\u00f3 Privada, amb CIF G66606039 i domicili en&nbsp;Rambla Catalunya 115 Bis, 6\u00ba B i C de Barcelona. Inscrita en data&nbsp; 3 setembre 2015&nbsp;amb el n\u00famero 2949&nbsp;en el Registre de Fundacions Privades del Ministeri d'Educaci\u00f3.<\/p><p>&nbsp;<\/p><p>&nbsp;<\/p><p><strong>Cookies pr\u00f2pies (obligatories)<\/strong><\/p><table class=\"minimalistBlack\" border=\"1\" cellpadding=\"1\"><tbody><tr><td><strong>cookielawinfo-checkbox-necessary<\/strong><\/td><td>Aquesta galeta s'usa per guardar la configuraci\u00f3 de galetes l'usuari<\/td><td>Sessi\u00f3<\/td><\/tr><\/tbody><\/table><p>&nbsp;<\/p><p><strong>Cookies a terceros<\/strong><\/p><table class=\"minimalistBlack\" border=\"1\" cellpadding=\"1\"><tbody><tr><td><strong>_gat<\/strong><\/td><td>Google Tag Manager<\/td><td>Utilitzem aquesta galeta per a distingir als usuarios.Google fa servir aquesta galeta per a distingir als usuaris<\/td><td>24 hores<\/td><\/tr><tr><td><strong>_ga<\/strong><\/td><td>Google Tag Manager<\/td><td>Aquesta galeta \u00e9s instal\u00b7lada per Google Analytics. La galeta s'utilitza per calcular les dades de visitants, sessions, campanyes i fer un seguiment de l'\u00fas de el lloc per a l'informe anal\u00edtic de el lloc. Les cookies emmagatzemen informaci\u00f3 de forma an\u00f2nima i assignen un nombre generat aleat\u00f2riament per identificar visitants \u00fanics.<\/td><td>2 anys<\/td><\/tr><tr><td><strong>_gid<\/strong><\/td><td>Google Tag Manager<\/td><td>Aquesta galeta \u00e9s instal\u00b7lada per Google Analytics. La galeta s'utilitza per emmagatzemar informaci\u00f3 sobre com els visitants fan servir un lloc web i ajuda a crear un informe anal\u00edtic de com funciona el lloc web. Les dades recopilades, inclosos el nombre de visitants, la font d'on provenen i les p\u00e0gines, van apar\u00e8ixer de forma an\u00f2nima.<\/td><td>24 hores<\/td><\/tr><tr><td>&nbsp;<\/td><td>&nbsp;<\/td><td>&nbsp;<\/td><td>&nbsp;<\/td><\/tr><\/tbody><\/table><\/div><\/div><\/div><\/div><\/div><\/div><\/div><\/div>\n","protected":false},"excerpt":{"rendered":"<p>Aquesta web, igual que la majoria dels altres llocs web, utilitza Cookies per millorar i optimitzar l&#8217;experi\u00e8ncia de l&#8217;usuari. A continuaci\u00f3 trobar\u00e0s informaci\u00f3 sobre qu\u00e8 s\u00f3n les &#8220;Cookies&#8221;, quina tipologia utilitza aquest lloc web i com pots desactivar-les en el [&hellip;]<\/p>\n","protected":false},"author":1,"featured_media":0,"parent":0,"menu_order":0,"comment_status":"closed","ping_status":"closed","template":"","meta":{"footnotes":""},"class_list":["post-3498","page","type-page","status-publish","hentry"],"_links":{"self":[{"href":"https:\/\/quoartis.org\/ca\/wp-json\/wp\/v2\/pages\/3498","targetHints":{"allow":["GET"]}}],"collection":[{"href":"https:\/\/quoartis.org\/ca\/wp-json\/wp\/v2\/pages"}],"about":[{"href":"https:\/\/quoartis.org\/ca\/wp-json\/wp\/v2\/types\/page"}],"author":[{"embeddable":true,"href":"https:\/\/quoartis.org\/ca\/wp-json\/wp\/v2\/users\/1"}],"replies":[{"embeddable":true,"href":"https:\/\/quoartis.org\/ca\/wp-json\/wp\/v2\/comments?post=3498"}],"version-history":[{"count":2,"href":"https:\/\/quoartis.org\/ca\/wp-json\/wp\/v2\/pages\/3498\/revisions"}],"predecessor-version":[{"id":9976,"href":"https:\/\/quoartis.org\/ca\/wp-json\/wp\/v2\/pages\/3498\/revisions\/9976"}],"wp:attachment":[{"href":"https:\/\/quoartis.org\/ca\/wp-json\/wp\/v2\/media?parent=3498"}],"curies":[{"name":"wp","href":"https:\/\/api.w.org\/{rel}","templated":true}]}}