{"id":2595,"date":"2018-05-23T17:12:35","date_gmt":"2018-05-23T17:12:35","guid":{"rendered":"https:\/\/quoartis.org\/?page_id=2595"},"modified":"2021-02-23T11:24:34","modified_gmt":"2021-02-23T11:24:34","slug":"privacy-policy-and-data-protection","status":"publish","type":"page","link":"https:\/\/quoartis.org\/es\/privacy-policy-and-data-protection\/","title":{"rendered":"Pol\u00edtica de privacidad y protecci\u00f3n de datos"},"content":{"rendered":"<div class=\"vce-row-container\" data-vce-boxed-width=\"true\"><div class=\"vce-row vce-row--col-gap-30 vce-row-equal-height vce-row-columns--top vce-row-content--top\" id=\"el-e8ba2d5b\" data-vce-do-apply=\"all el-e8ba2d5b\"><div class=\"vce-content-background-container\"><\/div><div class=\"vce-row-content\" data-vce-element-content=\"true\"><div class=\"vce-col vce-col--md-auto vce-col--xs-1 vce-col--xs-last vce-col--xs-first vce-col--sm-last vce-col--sm-first vce-col--md-last vce-col--lg-last vce-col--xl-last vce-col--md-first vce-col--lg-first vce-col--xl-first\" id=\"el-fa743cb5\"><div class=\"vce-col-inner\" data-vce-do-apply=\"border margin background  el-fa743cb5\"><div class=\"vce-col-content\" data-vce-element-content=\"true\" data-vce-do-apply=\"padding el-fa743cb5\"><div class=\"vce-text-block\"><div class=\"vce-text-block-wrapper vce\" id=\"el-800a99fe\" data-vce-do-apply=\"all el-800a99fe\"><h1>Pol\u00edtica de privacidad y protecci\u00f3n de datos<\/h1><\/div><\/div><\/div><\/div><\/div><\/div><\/div><\/div><div class=\"vce-row-container\" data-vce-boxed-width=\"true\"><div class=\"vce-row vce-row--col-gap-30 vce-row-equal-height vce-row-columns--top vce-row-content--top\" id=\"el-adb82663\" data-vce-do-apply=\"all el-adb82663\"><div class=\"vce-row-content\" data-vce-element-content=\"true\"><div class=\"vce-col vce-col--md-auto vce-col--xs-1 vce-col--xs-last vce-col--xs-first vce-col--sm-last vce-col--sm-first vce-col--md-last vce-col--lg-last vce-col--xl-last vce-col--md-first vce-col--lg-first vce-col--xl-first\" id=\"el-1c7bb20b\"><div class=\"vce-col-inner\" data-vce-do-apply=\"border margin background  el-1c7bb20b\"><div class=\"vce-col-content\" data-vce-element-content=\"true\" data-vce-do-apply=\"padding el-1c7bb20b\"><div class=\"vce-text-block\"><div class=\"vce-text-block-wrapper vce\" id=\"el-312b607f\" data-vce-do-apply=\"all el-312b607f\"><lt-highlighter contenteditable=\"false\" style=\"display: none; z-index: 1 !important;\"><lt-div spellcheck=\"false\" class=\"lt-highlighter__wrapper\" style=\"width: 540px !important; height: 1397px !important; transform: none !important; transform-origin: 270px 698.5px !important; zoom: 1 !important;\"><lt-div class=\"lt-highlighter__scrollElement\" style=\"top: 0px !important; left: 0px !important; width: 540px !important; height: 1397px !important;\"><canvas class=\"lt-highlighter__canvas\" width=\"522\" height=\"876\" style=\"display: none; top: 102px !important; left: 0px !important;\"><\/canvas><canvas class=\"lt-highlighter__canvas\" width=\"77\" height=\"22\" style=\"display: none; top: 1149px !important; left: 0px !important;\"><\/canvas><\/lt-div><\/lt-div><\/lt-highlighter><p>A los efectos de lo dispuesto en la normativa relativa a la protecci\u00f3n de datos de car\u00e1cter personal,&nbsp;<em>QuoArtis.com<\/em>&nbsp;informa de la existencia de un tratamiento automatizado de datos de car\u00e1cter personal creado y bajo la responsabilidad de su titular&nbsp;<em>Fundaci\u00f3n Quo Artis<\/em>&nbsp;con los datos que pudieran facilitar los usuarios en cualquiera de los formularios de la presente web, as\u00ed como los que pudieran haberse obtenido de una fuente accesible al p\u00fablico. La \u00fanica finalidad ser\u00e1 la declarada en cada momento en los propios formularios y en cualquier caso ser\u00e1 el env\u00edo de informaci\u00f3n por cualquier medio, incluido el correo electr\u00f3nico o boletines electr\u00f3nicos, sobre nuestros servicios, ofertas y novedades consideradas de su inter\u00e9s por estar relacionadas directamente con los contenidos ofrecidos en la web.<\/p>\r\n<p><em>Fundaci\u00f3n Quo Artis<\/em>&nbsp;se compromete al cumplimiento de la obligaci\u00f3n de secreto de los datos de car\u00e1cter personal y del deber de guardarlos, para lo que adoptar\u00e1 las medidas t\u00e9cnicas y organizativas necesarias para evitar su alteraci\u00f3n, p\u00e9rdida, tratamiento o acceso no autorizado de los mismos, todo ello de conformidad al Reglamento (UE) 2016\/679 del Parlamento Europeo y del Consejo, de 27 de abril de 2016, relativo a la protecci\u00f3n de las personas f\u00edsicas en lo que respecta al tratamiento de datos personales y a la libre circulaci\u00f3n de estos datos y por el que se deroga la Directiva 95\/46\/CE (Reglamento general de protecci\u00f3n de datos), as\u00ed como el resto de normativa aplicable en cada momento.<\/p>\r\n<p>Los datos proporcionados se conservar\u00e1n mientras no solicite el cese de la actividad solicitada. Los datos no se ceder\u00e1n a terceros salvo en los casos en que exista una obligaci\u00f3n legal. Usted tiene derecho a acceder a sus datos personales, rectificar los datos inexactos o solicitar su oposici\u00f3n o cancelaci\u00f3n, y la supresi\u00f3n cuando los datos ya no sean necesarios para los fines que fueron recogidos. Para ello puede dirigir su solicitud a&nbsp;<em>Quo Artis Fundaci\u00f3n Privada, con CIF G66606039 y domicilio en Rambla Catalu\u00f1a 115 Bis, 6\u00ba B y C de Barcelona, o a trav\u00e9s del correo electr\u00f3nico: info@quoartis.com<\/em><\/p>\r\n<p><em>Quo Artis<\/em>&nbsp;podr\u00eda contener enlaces a p\u00e1ginas web de compa\u00f1\u00edas y entidades de terceros, por lo que no puede hacerse responsable de la forma en la que estas organizaciones tratan la protecci\u00f3n de la privacidad y de los datos personales. Le aconsejamos que lea detenidamente las declaraciones de pol\u00edtica de privacidad de estas p\u00e1ginas web con relaci\u00f3n al uso, procesamiento y protecci\u00f3n de datos personales.<\/p>\r\n<p><em>Quo Artis<\/em>&nbsp;se reserva el derecho a compartir y ceder los datos de car\u00e1cter personal a proveedores de servicios que nos ayudan con nuestras operaciones y servicios. Todo usuario, si as\u00ed lo desea puede ejercer su derecho de revocaci\u00f3n de esta posibilidad. Tambi\u00e9n podemos revelar datos de car\u00e1cter personal para cumplir con un requisito legal, exigir el cumplimiento de nuestras pol\u00edticas, responder a reclamaciones que se refieran a la vulneraci\u00f3n por anuncios u otros contenidos de derechos de terceros o para proteger los derechos de cualquier persona o su propiedad o su seguridad.<\/p><\/div><\/div><\/div><\/div><\/div><\/div><\/div><\/div>","protected":false},"excerpt":{"rendered":"<p>A los efectos de lo dispuesto en la normativa relativa a la protecci\u00f3n de datos de car\u00e1cter personal,&nbsp;QuoArtis.com&nbsp;informa de la existencia de un tratamiento automatizado de datos de car\u00e1cter personal creado y bajo la responsabilidad de su titular&nbsp;Fundaci\u00f3n Quo Artis&nbsp;con [&hellip;]<\/p>\n","protected":false},"author":1,"featured_media":0,"parent":0,"menu_order":0,"comment_status":"closed","ping_status":"closed","template":"","meta":{"footnotes":""},"class_list":["post-2595","page","type-page","status-publish","hentry"],"_links":{"self":[{"href":"https:\/\/quoartis.org\/es\/wp-json\/wp\/v2\/pages\/2595","targetHints":{"allow":["GET"]}}],"collection":[{"href":"https:\/\/quoartis.org\/es\/wp-json\/wp\/v2\/pages"}],"about":[{"href":"https:\/\/quoartis.org\/es\/wp-json\/wp\/v2\/types\/page"}],"author":[{"embeddable":true,"href":"https:\/\/quoartis.org\/es\/wp-json\/wp\/v2\/users\/1"}],"replies":[{"embeddable":true,"href":"https:\/\/quoartis.org\/es\/wp-json\/wp\/v2\/comments?post=2595"}],"version-history":[{"count":4,"href":"https:\/\/quoartis.org\/es\/wp-json\/wp\/v2\/pages\/2595\/revisions"}],"predecessor-version":[{"id":10227,"href":"https:\/\/quoartis.org\/es\/wp-json\/wp\/v2\/pages\/2595\/revisions\/10227"}],"wp:attachment":[{"href":"https:\/\/quoartis.org\/es\/wp-json\/wp\/v2\/media?parent=2595"}],"curies":[{"name":"wp","href":"https:\/\/api.w.org\/{rel}","templated":true}]}}