{"id":3481,"date":"2018-08-01T18:19:01","date_gmt":"2018-08-01T18:19:01","guid":{"rendered":"https:\/\/quoartis.org\/?page_id=3481"},"modified":"2019-08-15T12:15:58","modified_gmt":"2019-08-15T12:15:58","slug":"aviso-legal","status":"publish","type":"page","link":"https:\/\/quoartis.org\/es\/aviso-legal\/","title":{"rendered":"Aviso Legal"},"content":{"rendered":"<p><strong>QUO ARTIS<\/strong>\u00a0es una fundaci\u00f3n internacional sin \u00e1nimo de lucro que busca generar conexiones entre el arte, la ciencia y la tecnolog\u00eda a trav\u00e9s del trabajo en com\u00fan de profesionales en estos campos. buscamos aportar valor a la sociedad y a la cultura incentivando la creaci\u00f3n de\u00a0proyectos\u00a0interdisciplinares e innovadores.<\/p>\n<p>La Fundaci\u00f3n Quo Artis es miembro del Consejo de Fundaciones por la Ciencia, impulsado por\u00a0FECYT\u00a0(Fundaci\u00f3n Espa\u00f1ola para la Ciencia y la Tecnolog\u00eda).<\/p>\n<p>Los valores de nuestra Fundaci\u00f3n son:<\/p>\n<ul>\n<li>Iniciativas cient\u00edficas, tecnol\u00f3gicas y art\u00edsticas.<\/li>\n<li>Cooperaci\u00f3n entre comunidades de distintos or\u00edgenes.<\/li>\n<li>Contribuci\u00f3n al desarrollo social y cultural.<\/li>\n<li>Innovaci\u00f3n.<\/li>\n<\/ul>\n<p>&nbsp;<\/p>\n<p><strong>CONDICIONES DE USO Y ACCESO:<\/strong><\/p>\n<p>El acceso y el uso de este sitio Web otorgan a qui\u00e9n lo realiza la condici\u00f3n de usuario del mismo, por lo que con su uso acepta sin reservas el contenido del presente \u201cAviso legal\u201d consider\u00e1ndolo a todos los efectos condiciones generales de uso.<\/p>\n<p>El usuario expresa su comprensi\u00f3n y aceptaci\u00f3n plena y sin reservas del contenido de este &#8220;Aviso Legal&#8221;, as\u00ed como de todas y cada una de las cl\u00e1usulas y condiciones en \u00e9l incorporadas. Igualmente, el usuario se obliga a hacer un uso de la p\u00e1gina web conforme a la ley, la buena fe y el orden p\u00fablico, as\u00ed como a no utilizar los servicios que en ella se facilitan con fines distintos a los descritos o il\u00edcitos.<\/p>\n<p>&nbsp;<\/p>\n<p><strong>PROPIEDAD INDUSTRIAL E INTELECTUAL<\/strong><\/p>\n<p>El usuario se compromete a no utilizar sin la correspondiente autorizaci\u00f3n previa, expresa y por escrito de sus titulares leg\u00edtimos, ninguno de los contenidos, marcas, logotipos o dise\u00f1os que se ponen a su disposici\u00f3n en la presente web.<\/p>\n<p>El nombre de dominio quoartis.org, as\u00ed como el nombre \u201cQUO ARTIS<strong><em>\u201d <\/em><\/strong><strong>y los restantes que figuran en la web<em>, <\/em><\/strong>con sus logotipos son propiedad de sus titulares propietarios y no pueden ser utilizadas sin su expresa autorizaci\u00f3n. Igualmente, toda la informaci\u00f3n contenida en la Web es una obra cuya propiedad intelectual e industrial pertenece a sus autores o a los proveedores de las marcas y contenidos puestos a disposici\u00f3n con la debida autorizaci\u00f3n.<\/p>\n<p>&nbsp;<\/p>\n<p><strong>RESPONSABILIDADES<\/strong><\/p>\n<p><strong>QUO<\/strong> <strong>ARTIS<\/strong> no se hace responsable de la exactitud, falta de utilidad o adecuaci\u00f3n para un uso espec\u00edfico de los contenidos, servicios o productos ofrecidos en la Web. Las caracter\u00edsticas y condiciones de cada informaci\u00f3n o servicio ser\u00e1n, en \u00faltimo t\u00e9rmino, las establecidas por sus respectivos profesionales, siendo \u00e9stos \u00faltimos los responsables de sus servicios.<\/p>\n<p>Respecto a los dispositivos de enlace y publicidad (links, banners, botones&#8230;) que aparecen en la Web, tienen por objeto poner en conocimiento del usuario la existencia de otras fuentes de informaci\u00f3n sobre la materia y no suponen una invitaci\u00f3n o recomendaci\u00f3n para la visita de los lugares de destino, por ello, QUO ARTIS no ser\u00e1 responsable del resultado de la b\u00fasqueda obtenida a trav\u00e9s de dichos enlaces. A los efectos de la exenci\u00f3n de responsabilidad que establece la Ley de Servicios de la Sociedad de la Informaci\u00f3n, QUO ARTIS no tiene conocimiento efectivo de que la actividad o la informaci\u00f3n a la que remite sea il\u00edcito o que lesione bienes o derechos de un tercero susceptibles de indemnizaci\u00f3n. Tan pronto como se tenga el conocimiento requerido, se actuar\u00e1 con la diligencia debida para suprimir o inutilizar el enlace correspondiente.<\/p>\n<p>Respecto a las partes de la Web que alberguen contenidos publicitarios o est\u00e9n patrocinadas, los anunciantes y patrocinadores son los \u00fanicos responsables de asegurarse que el material remitido para su inclusi\u00f3n cumple con las leyes que en cada caso puedan ser de aplicaci\u00f3n.<\/p>\n<p>QUO ARTIS no ser\u00e1 responsable en caso de que existan interrupciones del servicio, demoras, errores, mal funcionamiento del mismo y, en general, dem\u00e1s inconvenientes que tengan su origen en causas que escapan del control de sus titulares, o debidas a una actuaci\u00f3n dolosa o culposa del usuario o que tengan por origen causas de fuerza mayor. Igualmente no asume ninguna responsabilidad por los da\u00f1os que puedan causarse en los equipos de los usuarios por posibles virus inform\u00e1ticos contra\u00eddos a causa de su navegaci\u00f3n por la web, o por cualquier otro da\u00f1o derivado de la conexi\u00f3n a la web a trav\u00e9s de Internet.<\/p>\n","protected":false},"excerpt":{"rendered":"<p>QUO ARTIS\u00a0es una fundaci\u00f3n internacional sin \u00e1nimo de lucro que busca generar conexiones entre el arte, la ciencia y la tecnolog\u00eda a trav\u00e9s del trabajo en com\u00fan de profesionales en estos campos. buscamos aportar valor a la sociedad y a [&hellip;]<\/p>\n","protected":false},"author":1,"featured_media":0,"parent":0,"menu_order":0,"comment_status":"closed","ping_status":"closed","template":"","meta":{"footnotes":""},"class_list":["post-3481","page","type-page","status-publish","hentry"],"_links":{"self":[{"href":"https:\/\/quoartis.org\/es\/wp-json\/wp\/v2\/pages\/3481","targetHints":{"allow":["GET"]}}],"collection":[{"href":"https:\/\/quoartis.org\/es\/wp-json\/wp\/v2\/pages"}],"about":[{"href":"https:\/\/quoartis.org\/es\/wp-json\/wp\/v2\/types\/page"}],"author":[{"embeddable":true,"href":"https:\/\/quoartis.org\/es\/wp-json\/wp\/v2\/users\/1"}],"replies":[{"embeddable":true,"href":"https:\/\/quoartis.org\/es\/wp-json\/wp\/v2\/comments?post=3481"}],"version-history":[{"count":1,"href":"https:\/\/quoartis.org\/es\/wp-json\/wp\/v2\/pages\/3481\/revisions"}],"predecessor-version":[{"id":7312,"href":"https:\/\/quoartis.org\/es\/wp-json\/wp\/v2\/pages\/3481\/revisions\/7312"}],"wp:attachment":[{"href":"https:\/\/quoartis.org\/es\/wp-json\/wp\/v2\/media?parent=3481"}],"curies":[{"name":"wp","href":"https:\/\/api.w.org\/{rel}","templated":true}]}}