{"id":3490,"date":"2018-08-02T15:05:26","date_gmt":"2018-08-02T15:05:26","guid":{"rendered":"https:\/\/quoartis.org\/?page_id=3490"},"modified":"2021-02-01T15:47:12","modified_gmt":"2021-02-01T15:47:12","slug":"politica-de-cookies","status":"publish","type":"page","link":"https:\/\/quoartis.org\/es\/politica-de-cookies\/","title":{"rendered":"Pol\u00edtica de cookies"},"content":{"rendered":"<div class=\"vce-row-container\" data-vce-boxed-width=\"true\"><div class=\"vce-row vce-row--col-gap-30 vce-row-equal-height vce-row-columns--top vce-row-content--top\" id=\"el-b8935713\" data-vce-do-apply=\"all el-b8935713\"><div class=\"vce-row-content\" data-vce-element-content=\"true\"><div class=\"vce-col vce-col--md-auto vce-col--xs-1 vce-col--xs-last vce-col--xs-first vce-col--sm-last vce-col--sm-first vce-col--md-last vce-col--lg-last vce-col--xl-last vce-col--md-first vce-col--lg-first vce-col--xl-first\" id=\"el-f95ba71b\"><div class=\"vce-col-inner\" data-vce-do-apply=\"border margin background  el-f95ba71b\"><div class=\"vce-col-content\" data-vce-element-content=\"true\" data-vce-do-apply=\"padding el-f95ba71b\"><div class=\"vce-text-block\"><div class=\"vce-text-block-wrapper vce\" id=\"el-f61158c3\" data-vce-do-apply=\"all el-f61158c3\"><p>Esta web, al igual que la mayor\u00eda de los otros sitios web, utiliza Cookies para mejorar y optimizar la experiencia del usuario. A continuaci\u00f3n encontrar\u00e1s informaci\u00f3n sobre qu\u00e9 son las \"Cookies\", qu\u00e9 tipolog\u00eda utiliza este sitio web y c\u00f3mo puedes desactivarlas en tu navegador.<\/p><p>Una cookie es un fichero que se descarga en el ordenador, smartphone o tablet del usuario al acceder a determinadas p\u00e1ginas web para almacenar y recuperar informaci\u00f3n sobre la navegaci\u00f3n que se efect\u00faa desde dicho equipo.<\/p><p>Pueden ser cookies propias: enviadas a tu ordenador y gestionadas exclusivamente por nosotros para el mejor funcionamiento de la web. La informaci\u00f3n que recabamos se emplea para mejorar la calidad de nuestro servicio y tu experiencia como usuario.<\/p><p>O pueden ser cookies de terceros: aquellas establecidas por un dominio diferente de nuestro Sitio Web (por ejemplo al pulsar botones de redes sociales o visionar v\u00eddeos alojados en otro sitio web). No podemos acceder a los datos almacenados en las cookies de otros sitios web al navegar en los citados sitios web.<\/p><p>En concreto, el Sitio Web utiliza Cookies anal\u00edticas que recopilan informaci\u00f3n an\u00f3nima de manera est\u00e1ndar sobre la navegaci\u00f3n del usuario y sus patrones de comportamiento. En concreto, las cookies de anal\u00edticas utilizadas en el Sitio Web son la que se detallan a continuaci\u00f3n: Google Analytics, necesaria para el funcionamiento de Google Analytics. La mayor\u00eda de navegadores web permiten gestionar las preferencias de cookies, para tener un control m\u00e1s preciso sobre la privacidad.<\/p><p>Le informamos que en el caso de bloquear o no aceptar la instalaci\u00f3n de cookies, es posible que ciertos servicios no est\u00e9n disponibles sin la utilizaci\u00f3n de \u00e9stas o que no pueda acceder a determinados servicios ni tampoco aprovechar por completo todo lo que este Sitio Web le ofrece.<\/p><p>Para m\u00e1s informaci\u00f3n, puede consultar la&nbsp;gu\u00eda sobre el uso de las cookies&nbsp;de la Agencia Espa\u00f1ola de Protecci\u00f3n de Datos.<\/p><p><strong>&nbsp;<\/strong><\/p><p><strong>LEY APLICABLE Y JURISDICCI\u00d3N<\/strong><\/p><p>Al utilizar esta web el usuario acepta estas Condiciones Generales de Uso de manera que cualquier tipo de disputa que se origine por su utilizaci\u00f3n o contrataci\u00f3n de servicios, ser\u00e1n resueltas con arreglo a la legislaci\u00f3n y fuero del titular de la misma, siendo los tribunales de Barcelona (Espa\u00f1a). A los anteriores efectos y para casos de notificaciones escritas, puede contactar con nosotros en la direcci\u00f3n indicada m\u00e1s abajo.<\/p><p>Cumpliendo con el art\u00edculo 10 de la Ley de Servicios de la Sociedad de la Informaci\u00f3n, se les informa de los siguientes datos identificativos:<\/p><p><span lang=\"ES\">La presente plataforma web,&nbsp;<\/span><span lang=\"ES\">as\u00ed como todas las p\u00e1ginas incluidas bajo este nombre de dominio son propiedad de<\/span><span lang=\"ES\">&nbsp;<\/span><span lang=\"ES\">Quo Artis Fundaci\u00f3n Privada, con CIF G66606039 y domicilio en&nbsp;Rambla Catalu\u00f1a 115&nbsp;Bis, 6\u00ba B y C de Barcelona. Inscrita en fecha&nbsp; 3 septiembre 2015&nbsp;con el n\u00famero 2949&nbsp;en el Registro de Fundaciones Privadas del Ministerio de Educaci\u00f3n.<\/span><\/p><p>&nbsp;<\/p><p><strong>Cookies propias (obligatorias)<\/strong><\/p><table class=\"minimalistBlack\" border=\"1\" cellpadding=\"1\"><tbody><tr><td><strong>cookielawinfo-checkbox-necessary<\/strong><\/td><td>Esta cookie se usa para guardar la configuraci\u00f3n de cookies el usuario<\/td><td>Sesi\u00f3n<\/td><\/tr><\/tbody><\/table><p>&nbsp;<\/p><p><strong>Cookies a terceros<\/strong><\/p><table class=\"minimalistBlack\" border=\"1\" cellpadding=\"1\"><tbody><tr><td><strong>_gat<\/strong><\/td><td>Google Tag Manager<\/td><td>Google usa esta cookie para distinguir a los usuarios.Google usa esta cookie para distinguir a los usuarios<\/td><td>24 horas<\/td><\/tr><tr><td><strong>_ga<\/strong><\/td><td>Google Tag Manager<\/td><td>Esta cookie es instalada por Google Analytics. La cookie se utiliza para calcular los datos de visitantes, sesiones, campa\u00f1as y realizar un seguimiento del uso del sitio para el informe anal\u00edtico del sitio. Las cookies almacenan informaci\u00f3n de forma an\u00f3nima y asignan un n\u00famero generado aleatoriamente para identificar visitantes \u00fanicos.<\/td><td>2 a\u00f1os<\/td><\/tr><tr><td><strong>_gid<\/strong><\/td><td>Google Tag Manager<\/td><td>Esta cookie es instalada por Google Analytics. La cookie se utiliza para almacenar informaci\u00f3n sobre c\u00f3mo los visitantes usan un sitio web y ayuda a crear un informe anal\u00edtico de c\u00f3mo funciona el sitio web. Los datos recopilados, incluidos el n\u00famero de visitantes, la fuente de donde provienen y las p\u00e1ginas, aparecieron de forma an\u00f3nima.<\/td><td>24 horas<\/td><\/tr><tr><td><strong>&nbsp;_fbp<\/strong><\/td><td>Facebook<\/td><td>Facebook utiliza estas cookies para respaldar el intercambio social y la integraci\u00f3n de los servicios de Facebook.<\/td><td>3 meses.<\/td><\/tr><\/tbody><\/table><p>&nbsp;<\/p><\/div><\/div><\/div><\/div><\/div><\/div><\/div><\/div>\n","protected":false},"excerpt":{"rendered":"<p>Esta web, al igual que la mayor\u00eda de los otros sitios web, utiliza Cookies para mejorar y optimizar la experiencia del usuario. A continuaci\u00f3n encontrar\u00e1s informaci\u00f3n sobre qu\u00e9 son las &#8220;Cookies&#8221;, qu\u00e9 tipolog\u00eda utiliza este sitio web y c\u00f3mo puedes [&hellip;]<\/p>\n","protected":false},"author":1,"featured_media":0,"parent":0,"menu_order":0,"comment_status":"closed","ping_status":"closed","template":"","meta":{"footnotes":""},"class_list":["post-3490","page","type-page","status-publish","hentry"],"_links":{"self":[{"href":"https:\/\/quoartis.org\/es\/wp-json\/wp\/v2\/pages\/3490","targetHints":{"allow":["GET"]}}],"collection":[{"href":"https:\/\/quoartis.org\/es\/wp-json\/wp\/v2\/pages"}],"about":[{"href":"https:\/\/quoartis.org\/es\/wp-json\/wp\/v2\/types\/page"}],"author":[{"embeddable":true,"href":"https:\/\/quoartis.org\/es\/wp-json\/wp\/v2\/users\/1"}],"replies":[{"embeddable":true,"href":"https:\/\/quoartis.org\/es\/wp-json\/wp\/v2\/comments?post=3490"}],"version-history":[{"count":1,"href":"https:\/\/quoartis.org\/es\/wp-json\/wp\/v2\/pages\/3490\/revisions"}],"predecessor-version":[{"id":9974,"href":"https:\/\/quoartis.org\/es\/wp-json\/wp\/v2\/pages\/3490\/revisions\/9974"}],"wp:attachment":[{"href":"https:\/\/quoartis.org\/es\/wp-json\/wp\/v2\/media?parent=3490"}],"curies":[{"name":"wp","href":"https:\/\/api.w.org\/{rel}","templated":true}]}}